{"id":20,"date":"2015-11-13T10:05:46","date_gmt":"2015-11-13T09:05:46","guid":{"rendered":"http:\/\/imc-soft.hu\/?page_id=20"},"modified":"2023-09-07T13:08:31","modified_gmt":"2023-09-07T11:08:31","slug":"munkatarsaink","status":"publish","type":"page","link":"https:\/\/imc-soft.hu\/en\/munkatarsaink\/","title":{"rendered":"Staff"},"content":{"rendered":"<p><\/p>\n<p><strong>Lajk\u00f3 Tam\u00e1s<\/strong><br \/>\nE<span id=\"result_box\" class=\"short_text\" lang=\"en\"><span class=\"hps\">lectrical engineer<\/span><\/span>, <span id=\"result_box\" class=\"short_text\" lang=\"en\"><span class=\"hps\">programmer<\/span><\/span><br \/>\nLabView Developer<br \/>\nlajko.tamas@imc-soft.com<\/p>\n<p><strong><a href=\"http:\/\/imc-soft.hu\/wp-content\/uploads\/2015\/11\/ricsi.jpg\"><img decoding=\"async\" loading=\"lazy\" class=\"wp-image-158 alignleft\" src=\"http:\/\/imc-soft.hu\/wp-content\/uploads\/2015\/11\/ricsi.jpg\" alt=\"ricsi\" width=\"99\" height=\"87\" srcset=\"https:\/\/imc-soft.hu\/wp-content\/uploads\/2015\/11\/ricsi.jpg 606w, https:\/\/imc-soft.hu\/wp-content\/uploads\/2015\/11\/ricsi-300x263.jpg 300w\" sizes=\"(max-width: 99px) 100vw, 99px\" \/><\/a>Bakos Rich\u00e1rd<\/strong><br \/>\nE<span id=\"result_box\" class=\"short_text\" lang=\"en\"><span class=\"hps\">lectrical engineer<\/span><\/span>, <span id=\"result_box\" class=\"short_text\" lang=\"en\"><span class=\"hps\">programmer<\/span><\/span><br \/>\nLabView Developer<br \/>\nbakos.richard@imc-soft.com<\/p>\n<div><a href=\"http:\/\/imc-soft.hu\/wp-content\/uploads\/2023\/09\/Bence-1.jpg\"><img decoding=\"async\" loading=\"lazy\" class=\"alignleft  wp-image-313\" src=\"http:\/\/imc-soft.hu\/wp-content\/uploads\/2023\/09\/Bence-1.jpg\" alt=\"\" width=\"100\" height=\"100\" srcset=\"https:\/\/imc-soft.hu\/wp-content\/uploads\/2023\/09\/Bence-1.jpg 301w, https:\/\/imc-soft.hu\/wp-content\/uploads\/2023\/09\/Bence-1-300x300.jpg 300w, https:\/\/imc-soft.hu\/wp-content\/uploads\/2023\/09\/Bence-1-150x150.jpg 150w, https:\/\/imc-soft.hu\/wp-content\/uploads\/2023\/09\/Bence-1-50x50.jpg 50w, https:\/\/imc-soft.hu\/wp-content\/uploads\/2023\/09\/Bence-1-49x49.jpg 49w, https:\/\/imc-soft.hu\/wp-content\/uploads\/2023\/09\/Bence-1-184x184.jpg 184w\" sizes=\"(max-width: 100px) 100vw, 100px\" \/>T\u00f3th Bence<\/a><\/p>\n<p>Programmer<br \/>\n<a href=\"mailto:toth.bence@imc-soft.com\">toth.bence@imc-soft.com<\/a><\/p>\n<p><span style=\"font-size: revert; color: initial;\"><a href=\"http:\/\/imc-soft.hu\/wp-content\/uploads\/2023\/09\/Mate.jpg\"><img decoding=\"async\" loading=\"lazy\" class=\"alignleft  wp-image-228\" src=\"http:\/\/imc-soft.hu\/wp-content\/uploads\/2023\/09\/Mate-297x300.jpg\" alt=\"\" width=\"100\" height=\"101\" srcset=\"https:\/\/imc-soft.hu\/wp-content\/uploads\/2023\/09\/Mate-297x300.jpg 297w, https:\/\/imc-soft.hu\/wp-content\/uploads\/2023\/09\/Mate-1014x1024.jpg 1014w, https:\/\/imc-soft.hu\/wp-content\/uploads\/2023\/09\/Mate-150x150.jpg 150w, https:\/\/imc-soft.hu\/wp-content\/uploads\/2023\/09\/Mate-768x776.jpg 768w, https:\/\/imc-soft.hu\/wp-content\/uploads\/2023\/09\/Mate-50x50.jpg 50w, https:\/\/imc-soft.hu\/wp-content\/uploads\/2023\/09\/Mate-49x49.jpg 49w, https:\/\/imc-soft.hu\/wp-content\/uploads\/2023\/09\/Mate-184x184.jpg 184w, https:\/\/imc-soft.hu\/wp-content\/uploads\/2023\/09\/Mate.jpg 1073w\" sizes=\"(max-width: 100px) 100vw, 100px\" \/>Menczel M\u00e1t\u00e9<\/a><\/span><\/p>\n<p><span style=\"font-size: revert; color: initial;\">Programmer<br \/>\n<a href=\"mailto:menczel.mate@imc-soft.com\">menczel.mate@imc-soft.com<\/a><br \/>\n<\/span><\/p>\n<\/div>\n<div>\n<p><a href=\"http:\/\/imc-soft.hu\/wp-content\/uploads\/2023\/09\/Ati.jpg\"><img decoding=\"async\" loading=\"lazy\" class=\"alignleft wp-image-227\" src=\"http:\/\/imc-soft.hu\/wp-content\/uploads\/2023\/09\/Ati.jpg\" alt=\"\" width=\"100\" height=\"133\" srcset=\"https:\/\/imc-soft.hu\/wp-content\/uploads\/2023\/09\/Ati.jpg 302w, https:\/\/imc-soft.hu\/wp-content\/uploads\/2023\/09\/Ati-225x300.jpg 225w\" sizes=\"(max-width: 100px) 100vw, 100px\" \/>V\u00e9gh Attila<\/a><\/p>\n<\/div>\n<div>\n<p>Programmer<br \/>\n<a href=\"mailto:vegh.attila@imc-soft.com\">vegh.attila@imc-soft.com<\/a><\/p>\n<\/div>\n<p><\/p>","protected":false},"excerpt":{"rendered":"<p>Lajk\u00f3 Tam\u00e1s Electrical engineer, programmer LabView Developer lajko.tamas@imc-soft.com Bakos Rich\u00e1rd Electrical engineer, programmer LabView Developer bakos.richard@imc-soft.com T\u00f3th Bence Programmer toth.bence@imc-soft.com Menczel M\u00e1t\u00e9 Programmer menczel.mate@imc-soft.com V\u00e9gh Attila Programmer vegh.attila@imc-soft.com<\/p>\n","protected":false},"author":1,"featured_media":0,"parent":0,"menu_order":2,"comment_status":"closed","ping_status":"closed","template":"page-full.php","meta":{"footnotes":""},"_links":{"self":[{"href":"https:\/\/imc-soft.hu\/en\/wp-json\/wp\/v2\/pages\/20"}],"collection":[{"href":"https:\/\/imc-soft.hu\/en\/wp-json\/wp\/v2\/pages"}],"about":[{"href":"https:\/\/imc-soft.hu\/en\/wp-json\/wp\/v2\/types\/page"}],"author":[{"embeddable":true,"href":"https:\/\/imc-soft.hu\/en\/wp-json\/wp\/v2\/users\/1"}],"replies":[{"embeddable":true,"href":"https:\/\/imc-soft.hu\/en\/wp-json\/wp\/v2\/comments?post=20"}],"version-history":[{"count":107,"href":"https:\/\/imc-soft.hu\/en\/wp-json\/wp\/v2\/pages\/20\/revisions"}],"predecessor-version":[{"id":344,"href":"https:\/\/imc-soft.hu\/en\/wp-json\/wp\/v2\/pages\/20\/revisions\/344"}],"wp:attachment":[{"href":"https:\/\/imc-soft.hu\/en\/wp-json\/wp\/v2\/media?parent=20"}],"curies":[{"name":"wp","href":"https:\/\/api.w.org\/{rel}","templated":true}]}}