{"id":17,"date":"2015-11-13T10:03:05","date_gmt":"2015-11-13T09:03:05","guid":{"rendered":"http:\/\/imc-soft.hu\/?page_id=17"},"modified":"2015-11-25T09:02:09","modified_gmt":"2015-11-25T08:02:09","slug":"ceginformacio","status":"publish","type":"page","link":"https:\/\/imc-soft.hu\/en\/ceginformacio\/","title":{"rendered":"About us"},"content":{"rendered":"<p><\/p>\n<div id=\"gt-res-content\" class=\"almost_half_cell\">\n<div dir=\"ltr\">\n<p><span id=\"result_box\" class=\"\" lang=\"en\"><span title=\"C\u00e9g\u00fcnk 2013-ban kisv\u00e1llalkoz\u00e1sk\u00e9nt alakult Zircen, ami k\u00e9s\u0151bb n\u00e9vv\u00e1ltoztat\u00e1s ut\u00e1n az IMC Soft Kft-k\u00e9nt v\u00e9gzi munk\u00e1j\u00e1t.\">Our company in 2013 as a small business founded in Zirc, which later after the name change as the work done by the IMC-Soft Ltd&#8217;s. <\/span><span title=\"Tev\u00e9kenys\u00e9gi k\u00f6r\u00fcnk legf\u0151k\u00e9pp az PLC vagy PC alap\u00fa ipari gy\u00e1rt\u00f3sori berendez\u00e9sek elektromos tervez\u00e9s\u00e9re, kivitelez\u00e9s\u00e9re \u00e9s programoz\u00e1s\u00e1ra terjed ki. \">Our activities mainly in the PLC or PC-based industrial electrical equipment production line design, construction and programming cover.<\/span><\/span><\/p>\n<p><span title=\"Munkat\u00e1rsaink nagy tapasztalattal rendelkez\u0151, villamosm\u00e9rn\u00f6k\u00f6k \u00e9s programoz\u00f3k, akik 10-15 \u00e9v gyakorlattal rendelkeznek gy\u00e1rt\u00f3sorok, szersz\u00e1mg\u00e9pek, szerel\u0151ipari berendez\u00e9sek \u00e9s c\u00e9lg\u00e9pek tervez\u00e9s\u00e9ben, gy\u00e1rt\u00e1s\u00e1ban \u00e9s automatiz\u00e1l\u00e1sban. \">Our team of highly <\/span><span title=\"C\u00e9g\u00fcnk a technol\u00f3giai probl\u00e9m\u00e1k megold\u00e1s\u00e1ra specializ\u00e1l\u00f3dott. \"><a href=\"http:\/\/imc-soft.hu\/wp-content\/uploads\/2015\/11\/robot.jpg\"><img decoding=\"async\" loading=\"lazy\" class=\"size-full wp-image-199 alignleft\" src=\"http:\/\/imc-soft.hu\/wp-content\/uploads\/2015\/11\/robot.jpg\" alt=\"robot\" width=\"271\" height=\"180\" srcset=\"https:\/\/imc-soft.hu\/wp-content\/uploads\/2015\/11\/robot.jpg 271w, https:\/\/imc-soft.hu\/wp-content\/uploads\/2015\/11\/robot-207x136.jpg 207w, https:\/\/imc-soft.hu\/wp-content\/uploads\/2015\/11\/robot-140x94.jpg 140w\" sizes=\"(max-width: 271px) 100vw, 271px\" \/><\/a><\/span><span title=\"Munkat\u00e1rsaink nagy tapasztalattal rendelkez\u0151, villamosm\u00e9rn\u00f6k\u00f6k \u00e9s programoz\u00f3k, akik 10-15 \u00e9v gyakorlattal rendelkeznek gy\u00e1rt\u00f3sorok, szersz\u00e1mg\u00e9pek, szerel\u0151ipari berendez\u00e9sek \u00e9s c\u00e9lg\u00e9pek tervez\u00e9s\u00e9ben, gy\u00e1rt\u00e1s\u00e1ban \u00e9s automatiz\u00e1l\u00e1sban. \">experienced electrical engineers and programmers, who have 10-15 years of experience in the production lines, machine tools, assembly systems and special machines for industrial design, manufacturing and automation.<br \/>\n<\/span><\/p>\n<p><span title=\"C\u00e9g\u00fcnk a technol\u00f3giai probl\u00e9m\u00e1k megold\u00e1s\u00e1ra specializ\u00e1l\u00f3dott. \">Our company specializes in solving the technological problems.<\/span><\/p>\n<p><span title=\"A IMC Soft Kft. min\u0151s\u00e9g- \u00e9s \u00fczletpolitik\u00e1j\u00e1nak k\u00f6z\u00e9ppontj\u00e1ban a vev\u0151 teljes k\u00f6r\u0171 megel\u00e9gedetts\u00e9g\u00e9re val\u00f3 t\u00f6rekv\u00e9s \u00e1ll.\">The IMC-Soft Ltd. quality and business policy is focused on customer satisfaction full endeavor. <\/span><span title=\"Ennek \u00e9rdek\u00e9ben a c\u00e9g folyamatosan fejleszti szolg\u00e1ltat\u00e1sainak min\u0151s\u00e9g\u00e9t, megb\u00edzhat\u00f3s\u00e1g\u00e1t \u00e9s v\u00e1laszt\u00e9k\u00e1t. \">To this end, the company is improving the quality, reliability and range of services.<\/span><\/p>\n<p><span title=\"A tervez\u00e9si feladatokn\u00e1l a min\u0151s\u00e9g\u00fcgyi rendszer el\u0151\u00edr\u00e1sainak szab\u00e1lyait vessz\u00fck figyelembe. \">The planning tasks rules of the quality system specifications are considered.<\/span><\/p>\n<p><span title=\"Az ipari gy\u00e1rt\u00f3sorokhoz K+F tev\u00e9kenys\u00e9get is v\u00e9gz\u00fcnk, vez\u00e9rl\u0151 berendez\u00e9seket tervez\u00fcnk \u00e9s gy\u00e1rtunk. \">Industrial production lines carried out R &amp; D activities, control equipment design and manufacture.<\/span><\/p>\n<p><span title=\"M\u0171szaki \u00e9s kereskedelmi szak\u00e9rtelm\u00fcnkkel az ig\u00e9nyeknek \u00e9s feladatoknak legmegfelel\u0151bb technol\u00f3gi\u00e1t hat\u00e1rozzuk meg \u00e9s a sz\u00fcks\u00e9ges berendez\u00e9sekre tesz\u00fcnk versenyk\u00e9pes aj\u00e1nlatot. \">Technical and commercial expertise to the needs and tasks to determine the most appropriate technology and the necessary equipment, we make a competitive offer.<\/span><span title=\"Programoz\u00f3ink Certified LabVIEW Developer (CLD) k\u00e9pes\u00edt\u00e9ssel rendelkeznek. \"><a href=\"http:\/\/imc-soft.hu\/wp-content\/uploads\/2015\/11\/g\u00e9p.jpg\"><img decoding=\"async\" loading=\"lazy\" class=\"size-full wp-image-200 alignright\" src=\"http:\/\/imc-soft.hu\/wp-content\/uploads\/2015\/11\/g\u00e9p.jpg\" alt=\"g\u00e9p\" width=\"254\" height=\"180\" \/><\/a><\/span><\/p>\n<p><span title=\"C\u00e9g\u00fcnk 2015 \u00f3ta a National Istruments hivatalos partnere, azaz rendszerintegr\u00e1tora.\">Our company since 2015, the National Istruments official partner, ie system integrators. <\/span><span title=\"Programoz\u00f3ink Certified LabVIEW Developer (CLD) k\u00e9pes\u00edt\u00e9ssel rendelkeznek. \">Our programmers <strong>Certified LabVIEW Developer (CLD)<\/strong> qualifications.<\/span><\/p>\n<p><span title=\"Munk\u00e1ink vil\u00e1gszerte seg\u00edtik az ipari termel\u00e9st.\">Our works worldwide to promote industrial production. <\/span><span title=\"R\u00e9szt vett\u00fcnk Valeo Rio Bravo (Mexik\u00f3), Valeo Veszpr\u00e9m, Valeo Shenzhen (K\u00edna), Continental Veszpr\u00e9m, PTC Hungary, \u00e1ltal megrendelt gy\u00e1rt\u00f3sorok kivitelez\u00e9s\u00e9ben is. \">We participated ordered by Valeo Rio Bravo (Mexico), Valeo Veszprem, Valeo Shenzhen (China), Continental Veszprem, Hungary PTC, implementation of production lines as well.<\/span><\/p>\n<p><span title=\"Partnereinkkel egy\u00fcttm\u0171k\u00f6dve (Vesz-Mont 2000 Kft. \u00e9s a Flexmont Kft., Process-Tech Kft.) nagyobb projektek kivitelez\u00e9s\u00e9re is k\u00e9pesek vagyunk.\">Together with (Vesz-Mont 2000 Ltd., and Process-Tech LTD., Flexmont Ltd., Mont.) Is carrying out major projects we are capable of.<\/span><\/p>\n<\/div>\n<\/div>\n<p><\/p>","protected":false},"excerpt":{"rendered":"<p>Our company in 2013 as a small business founded in Zirc, which later after the name change as the work done by the IMC-Soft Ltd&#8217;s. Our activities mainly in the PLC or PC-based industrial electrical equipment production line design, construction and programming cover. Our team of highly experienced electrical engineers and programmers, who have 10-15 [&hellip;]<\/p>\n","protected":false},"author":1,"featured_media":198,"parent":0,"menu_order":1,"comment_status":"closed","ping_status":"closed","template":"page-full.php","meta":{"footnotes":""},"_links":{"self":[{"href":"https:\/\/imc-soft.hu\/en\/wp-json\/wp\/v2\/pages\/17"}],"collection":[{"href":"https:\/\/imc-soft.hu\/en\/wp-json\/wp\/v2\/pages"}],"about":[{"href":"https:\/\/imc-soft.hu\/en\/wp-json\/wp\/v2\/types\/page"}],"author":[{"embeddable":true,"href":"https:\/\/imc-soft.hu\/en\/wp-json\/wp\/v2\/users\/1"}],"replies":[{"embeddable":true,"href":"https:\/\/imc-soft.hu\/en\/wp-json\/wp\/v2\/comments?post=17"}],"version-history":[{"count":14,"href":"https:\/\/imc-soft.hu\/en\/wp-json\/wp\/v2\/pages\/17\/revisions"}],"predecessor-version":[{"id":220,"href":"https:\/\/imc-soft.hu\/en\/wp-json\/wp\/v2\/pages\/17\/revisions\/220"}],"wp:featuredmedia":[{"embeddable":true,"href":"https:\/\/imc-soft.hu\/en\/wp-json\/wp\/v2\/media\/198"}],"wp:attachment":[{"href":"https:\/\/imc-soft.hu\/en\/wp-json\/wp\/v2\/media?parent=17"}],"curies":[{"name":"wp","href":"https:\/\/api.w.org\/{rel}","templated":true}]}}